{"id":10,"date":"2015-02-23T22:05:44","date_gmt":"2015-02-23T22:05:44","guid":{"rendered":"http:\/\/montsass.es\/?page_id=10"},"modified":"2016-12-16T16:58:54","modified_gmt":"2016-12-16T16:58:54","slug":"empresa","status":"publish","type":"page","link":"http:\/\/www.montsa.eu\/es\/empresa\/","title":{"rendered":"Qui\u00e9nes Somos"},"content":{"rendered":"<p>&nbsp;<\/p>\n<h2>Qui\u00e9nes Somos<\/h2>\n<p>MONTSA es una empresa espa\u00f1ola que centra su actividad en el \u00e1mbito de las Tecnolog\u00edas de la Informaci\u00f3n y las Comunicaciones. Sus principales apuestas se centran en las \u00e1reas de Seguridad, Redes de Comunicaciones y Audiovisuales, habiendo desarrollado proyectos en distintos entornos tecnol\u00f3gicos as\u00ed como para diferentes sectores de actividad y m\u00faltiples clientes.<\/p>\n<p><a href=\"http:\/\/www.montsa.eu\/es\/wp-content\/uploads\/2015\/02\/Logo_Montsa.jpg\"><img loading=\"lazy\" decoding=\"async\" class=\"size-full wp-image-57 aligncenter\" src=\"http:\/\/www.montsa.eu\/es\/wp-content\/uploads\/2015\/02\/Logo_Montsa.jpg\" alt=\"\" width=\"250\" height=\"103\" \/><\/a><\/p>\n<h2>Misi\u00f3n, Visi\u00f3n y Valores<\/h2>\n<p>MONTSA, como empresa de Tecnolog\u00edas de la Informaci\u00f3n y de las Comunicaciones, nace con la <strong>misi\u00f3n<\/strong> de ofrecer Servicios y Soluciones a Clientes para grandes integradores, fabricantes, operadoras y multinacional del sector en todo el territorio nacional. Enfocados a dise\u00f1ar Servicios Complementarios y Soluciones de Cliente en \u00e1mbitos de Redes y Sistemas con un trato personal, cercano, directo y flexible. Nuestro cat\u00e1logo de servicios y soluciones se adaptan constantemente y van de la mano de las tendencias de mercado, siempre buscando la excelencia del servicio y la orientaci\u00f3n al negocio.<\/p>\n<p>Nuestra <strong>visi\u00f3n<\/strong>\u00a0es ser referentes en las soluciones que ofrecemos en cada una de nuestras \u00e1reas de negocio, siempre complementando el servicio de los grandes integradores. Queremos lograr la confianza en nuestros servicios y en nuestro equipo de profesionales, con un trato cercano, honesto y confiable, en base a los siguientes compromisos: Mejora de la Satisfacci\u00f3n, Aplicaci\u00f3n de las Mejores Pr\u00e1cticas de nuestro sector, Innovaci\u00f3n continua, Responsabilidad Social y Medioambiental, Seguridad y Salud de las personas.<\/p>\n<p>Nuestros <strong>valores<\/strong> se orientan al Cliente y a los Resultados, asegurando un modelo de reconocimiento adecuado. Nuestros modelos de colaboraci\u00f3n establecen canales eficaces de comunicaci\u00f3n y participaci\u00f3n con los clientes para conocer sus necesidades y expectativas, lo que facilita potenciar relaciones estables y duraderas. Integraci\u00f3n profesional y personal: Reforzando el compromiso y el sentido de pertenencia, facilitando la conciliaci\u00f3n laboral y familiar. Responsabilidad con el Cliente: Siempre con calidad, compromiso y seriedad.<\/p>\n<h2>Un poco de historia<\/h2>\n<p>Somos una empresa joven creada de la mano de profesionales de la Inform\u00e1tica y las Telecomunicaciones. Nuestro equipo est\u00e1 formado por personas con altos conocimientos tecnol\u00f3gicos habiendo participado en m\u00faltiples proyectos a lo largo de muchos a\u00f1os de experiencia. Las \u00e1reas de negocio en las que prestamos servicios han sido elegidas en base al conocimiento de los profesionales que componen la compa\u00f1\u00eda, por lo que se garantiza una total seguridad en los trabajos que se acometen.<\/p>\n<h2>Compromiso Social y Medioambiental<\/h2>\n<p>Actuamos de una manera socialmente responsable siguiendo criterios \u00e9ticos. Fomentamos pr\u00e1cticas \u00a0sostenibles entre nuestros empleados, clientes y proveedores. Respetamos el medio ambiente, causando los m\u00ednimos efectos negativos sobre el mismo y optando por las soluciones y procesos que impliquen mayor eficiencia y sostenibilidad.<\/p>\n<p>&nbsp;<\/p>\n<p><\/p>","protected":false},"excerpt":{"rendered":"<p>&nbsp; Qui\u00e9nes Somos MONTSA es una empresa espa\u00f1ola que centra su actividad en el \u00e1mbito de las Tecnolog\u00edas de la Informaci\u00f3n y las Comunicaciones. Sus principales apuestas se centran en las \u00e1reas de Seguridad, Redes de Comunicaciones y Audiovisuales, habiendo desarrollado proyectos en distintos entornos tecnol\u00f3gicos as\u00ed como para diferentes sectores de actividad y m\u00faltiples <a href=\"http:\/\/www.montsa.eu\/es\/empresa\/\" rel=\"nofollow\"><span class=\"sr-only\">Leer m\u00e1sQui\u00e9nes Somos<\/span>[&#8230;]<\/a><\/p>\n","protected":false},"author":1,"featured_media":0,"parent":0,"menu_order":0,"comment_status":"closed","ping_status":"open","template":"template-fullwidth.php","meta":{"footnotes":""},"class_list":["post-10","page","type-page","status-publish","hentry"],"_links":{"self":[{"href":"http:\/\/www.montsa.eu\/es\/wp-json\/wp\/v2\/pages\/10","targetHints":{"allow":["GET"]}}],"collection":[{"href":"http:\/\/www.montsa.eu\/es\/wp-json\/wp\/v2\/pages"}],"about":[{"href":"http:\/\/www.montsa.eu\/es\/wp-json\/wp\/v2\/types\/page"}],"author":[{"embeddable":true,"href":"http:\/\/www.montsa.eu\/es\/wp-json\/wp\/v2\/users\/1"}],"replies":[{"embeddable":true,"href":"http:\/\/www.montsa.eu\/es\/wp-json\/wp\/v2\/comments?post=10"}],"version-history":[{"count":4,"href":"http:\/\/www.montsa.eu\/es\/wp-json\/wp\/v2\/pages\/10\/revisions"}],"predecessor-version":[{"id":160,"href":"http:\/\/www.montsa.eu\/es\/wp-json\/wp\/v2\/pages\/10\/revisions\/160"}],"wp:attachment":[{"href":"http:\/\/www.montsa.eu\/es\/wp-json\/wp\/v2\/media?parent=10"}],"curies":[{"name":"wp","href":"https:\/\/api.w.org\/{rel}","templated":true}]}}