{"id":12,"date":"2015-02-23T22:05:57","date_gmt":"2015-02-23T22:05:57","guid":{"rendered":"http:\/\/montsass.es\/?page_id=12"},"modified":"2016-12-16T13:49:52","modified_gmt":"2016-12-16T13:49:52","slug":"servicios-y-soluciones","status":"publish","type":"page","link":"http:\/\/www.montsa.eu\/es\/servicios-y-soluciones\/","title":{"rendered":"Qu\u00e9 Hacemos"},"content":{"rendered":"<p>En <strong>Montsa<\/strong> prestamos servicios complementarios a la <strong>Multinacional del Sector<\/strong> en diferentes \u00e1mbitos que se resumen en cuatro grandes apartados de especializaci\u00f3n:<\/p>\n<h2>INFRAESTRUCTURAS F\u00cdSICAS Y TECNOL\u00d3GICAS<\/h2>\n<p>Dise\u00f1amos e instalamos todo tipo de infraestructuras f\u00edsicas y tecnol\u00f3gicas que constituyen la base de la construcci\u00f3n de arquitecturas s\u00f3lidas, seguras y fiables.<\/p>\n<ol>\n<li>\n<h3>Cableado Estructurado<\/h3>\n<p>Cableado estructurado, vertical y horizontal. Cat6A. Certificaciones, an\u00e1lisis y detecci\u00f3n de problemas, auditor\u00edas de cableado, dise\u00f1os, saneamientos y adecuaciones en Data Centers.<\/li>\n<li>\n<h3>Fibra \u00d3ptica<\/h3>\n<p>Tiradas de fibra y conectorizaci\u00f3n en campo. Caracterizaci\u00f3n de FO, Pruebas y limpieza de Fibra. Estudios estad\u00edsticos y demogr\u00e1ficos para despliegues FTTx.<\/li>\n<li>\n<h3>Multimedia<\/h3>\n<p>Cableados espec\u00edficos de Audio y Video para despliegues DooH \/ Digital Signage \/ Marketing Din\u00e1mico.<\/li>\n<li>\n<h3>Documentaci\u00f3n<\/h3>\n<p>Generaci\u00f3n de documentaci\u00f3n para toda aquella infraestructura que est\u00e1 sin documentar (Cableados, Configuraciones de equipos, Inventarios\u2026.)<\/li>\n<li>\n<h3>Traslados de CPDs y equipamiento tecnol\u00f3gico<\/h3>\n<p>Mudanzas tecnol\u00f3gicas con partners especializados y metodolog\u00eda adecuada elaborando el plan de traslado conjuntamente con el cliente.<\/li>\n<\/ol>\n<h2>ICT (TECNOLOG\u00cdAS DE LA INFORMACI\u00d3N Y LAS COMUNICACIONES)<\/h2>\n<p>ICT, relacionada principalmente con las comunicaciones, donde proporcionamos servicios de ingenier\u00eda para el dise\u00f1o, desarrollo, implementaci\u00f3n, mantenimiento y gesti\u00f3n de redes seguras para la transmisi\u00f3n de voz, datos y v\u00eddeo as\u00ed como sistemas y almacenamiento.<\/p>\n<ol>\n<li>\n<h3>Networking<\/h3>\n<p>Consultor\u00edas y Auditor\u00edas de redes y sistemas. Dise\u00f1o de arquitecturas siguiendo siempre las mejores pr\u00e1cticas recomendadas por los fabricantes y por las normas que rigen nuestro sector.<\/p>\n<p>Provisi\u00f3n y Mantenimiento de Routing \/ Switching (LAN\/MAN\/WAN).\u00a0Comunicaciones Unificadas (VoIP \/ ToIP) y Video-conferencias \/ Tele-presencias.<\/li>\n<li>\n<h3>Wireless<\/h3>\n<p>Wi-Fi (802.11a\/b\/g\/n\/ac)\u00a0Dise\u00f1o de arquitectura, configuraciones y despliegues de APs con y sin WLAN Controllers. Estudios de cobertura Wi-Fi tanto on-site como predictivos con diferentes herramientas HW y SW. An\u00e1lisis de fallos y detecci\u00f3n de problemas en redes Wi-Fi. Wi-Fi Indoor, Outdoor, Wireless Mesh y Wi-Fi rural.<\/p>\n<p>RF Site Survey:\u00a0An\u00e1lisis del espectro de Radio Frecuencia para localizaci\u00f3n de problemas y posibles fuentes de interferencia mediante analizadores HW y SW espec\u00edficos.<\/li>\n<\/ol>\n<h2>DIGITAL SIGNAGE<\/h2>\n<p>En circuitos digitales, realizamos despliegues de diferentes sistemas de Carteler\u00eda Digital para nuestros clientes.<\/p>\n<ol>\n<li>\n<h3>Provisi\u00f3n de sistemas<\/h3>\n<\/li>\n<li>\n<h3>Mantenimiento de sistemas de informaci\u00f3n<\/h3>\n<\/li>\n<li>\n<h3>Proyectos de adecuaci\u00f3n \/ re-styling de \u00e1reas comerciales<\/h3>\n<\/li>\n<\/ol>\n<h2>SEGURIDAD DE APLICACIONES<\/h2>\n<p>Con alta especificaci\u00f3n t\u00e9cnica, realizamos Consultor\u00eda de Seguridad de Servicios IT, evaluando la arquitectura y configuraci\u00f3n y definiendo el plan de pruebas y siguiendo las pol\u00edticas de seguridad establecidas bajo Common Criteria, identificando las posibles vulnerabilidades y asegurando al m\u00e1ximo la protecci\u00f3n de los datos.<\/p>\n<p>&nbsp;<\/p>\n<p><\/p>","protected":false},"excerpt":{"rendered":"<p>En Montsa prestamos servicios complementarios a la Multinacional del Sector en diferentes \u00e1mbitos que se resumen en cuatro grandes apartados de especializaci\u00f3n: INFRAESTRUCTURAS F\u00cdSICAS Y TECNOL\u00d3GICAS Dise\u00f1amos e instalamos todo tipo de infraestructuras f\u00edsicas y tecnol\u00f3gicas que constituyen la base de la construcci\u00f3n de arquitecturas s\u00f3lidas, seguras y fiables. Cableado Estructurado Cableado estructurado, vertical y <a href=\"http:\/\/www.montsa.eu\/es\/servicios-y-soluciones\/\" rel=\"nofollow\"><span class=\"sr-only\">Leer m\u00e1sQu\u00e9 Hacemos<\/span>[&#8230;]<\/a><\/p>\n","protected":false},"author":1,"featured_media":0,"parent":0,"menu_order":0,"comment_status":"closed","ping_status":"open","template":"template-fullwidth.php","meta":{"footnotes":""},"class_list":["post-12","page","type-page","status-publish","hentry"],"_links":{"self":[{"href":"http:\/\/www.montsa.eu\/es\/wp-json\/wp\/v2\/pages\/12","targetHints":{"allow":["GET"]}}],"collection":[{"href":"http:\/\/www.montsa.eu\/es\/wp-json\/wp\/v2\/pages"}],"about":[{"href":"http:\/\/www.montsa.eu\/es\/wp-json\/wp\/v2\/types\/page"}],"author":[{"embeddable":true,"href":"http:\/\/www.montsa.eu\/es\/wp-json\/wp\/v2\/users\/1"}],"replies":[{"embeddable":true,"href":"http:\/\/www.montsa.eu\/es\/wp-json\/wp\/v2\/comments?post=12"}],"version-history":[{"count":3,"href":"http:\/\/www.montsa.eu\/es\/wp-json\/wp\/v2\/pages\/12\/revisions"}],"predecessor-version":[{"id":156,"href":"http:\/\/www.montsa.eu\/es\/wp-json\/wp\/v2\/pages\/12\/revisions\/156"}],"wp:attachment":[{"href":"http:\/\/www.montsa.eu\/es\/wp-json\/wp\/v2\/media?parent=12"}],"curies":[{"name":"wp","href":"https:\/\/api.w.org\/{rel}","templated":true}]}}