{"id":44,"date":"2015-02-26T10:50:51","date_gmt":"2015-02-26T09:50:51","guid":{"rendered":"http:\/\/www.montsass.es\/?page_id=44"},"modified":"2016-12-16T13:51:30","modified_gmt":"2016-12-16T13:51:30","slug":"metodologia-2","status":"publish","type":"page","link":"http:\/\/www.montsa.eu\/es\/metodologia-2\/","title":{"rendered":"C\u00f3mo lo hacemos"},"content":{"rendered":"<p>Ponemos a su disposici\u00f3n la experiencia y conocimiento en tecnolog\u00edas existentes y sobre las normativas vigentes, para su aplicaci\u00f3n en diferentes \u00e1mbitos, siempre haciendo uso de los criterios de las \u201cmejores pr\u00e1cticas\u201d que rigen en nuestro sector.<\/p>\n<h2>Metodolog\u00eda de trabajo<\/h2>\n<p>Nuestra metodolog\u00eda de trabajo comprende las siguientes\u00a0fases:<img loading=\"lazy\" decoding=\"async\" class=\"alignleft wp-image-43 size-full\" src=\"http:\/\/www.montsa.eu\/es\/wp-content\/uploads\/2015\/02\/Metodologia-e1481896271549.png\" alt=\"Metodologia\" width=\"700\" height=\"201\" \/><\/p>\n<h3>WORKSHOP<\/h3>\n<p>Entendemos las necesidades de nuestros clientes realizando estudios previos y marcando objetivos a conseguir. En esta fase se mantiene la interactividad necesaria para poder obtener la informaci\u00f3n suficiente y realizar con \u00e9xito las siguientes etapas.<\/p>\n<h3>ALCANCE<\/h3>\n<p>En funci\u00f3n de los objetivos realizamos la definici\u00f3n del alcance de nuestro servicio, se identifican riesgos , se marca y acuerda el calendario de actuaci\u00f3n del proyecto, se definen roles y responsabilidades de ambas partes y se inventar\u00edan las tareas y orden de ejecuci\u00f3n de las mismas.<\/p>\n<h3>DISE\u00d1O<\/h3>\n<p>Dise\u00f1o de la mejor soluci\u00f3n aplicando de est\u00e1ndares y mejores pr\u00e1cticas e incluyendo la valoraci\u00f3n t\u00e9cnica que servir\u00e1 de gu\u00eda para la ejecuci\u00f3n del proyecto o servicio. Igualmente, se realizar\u00e1 el presupuesto econ\u00f3mico de la soluci\u00f3n reflejando lo que incluye o no incluye el proyecto.<\/p>\n<h3>IMPLEMENTACI\u00d3N<\/h3>\n<p>Realizamos la implementaci\u00f3n de la soluci\u00f3n con ingenieros de alto nivel de conocimiento y experiencia as\u00ed como recursos de campo especializados y utilizando productos de primera calidad. Se realiza seguimiento exhaustivo de la marcha de cada proyecto.<\/p>\n<h3>MANTENIMIENTO<\/h3>\n<p>Posibilitamos la gesti\u00f3n y el mantenimiento de nuestros servicios, a trav\u00e9s de diferentes modelos (bolsas de horas, avisos bajo petici\u00f3n). Nuestro compromiso no s\u00f3lo abarca la implementaci\u00f3n del proyecto, sino que acompa\u00f1amos al cliente durante el tiempo que estime necesario para darle soporte y mantenimiento.<\/p>\n<h2>Modelos de Negocio<\/h2>\n<p>Los modelos de negocio que trabajamos:<br \/>\n<a href=\"http:\/\/www.montsa.eu\/es\/wp-content\/uploads\/2015\/02\/Modelos-e1481896052984.png\"><img loading=\"lazy\" decoding=\"async\" class=\"alignnone wp-image-49 size-full\" src=\"http:\/\/www.montsa.eu\/es\/wp-content\/uploads\/2015\/02\/Modelos-e1481896052984.png\" width=\"500\" height=\"193\" \/><\/a><\/p>\n<p><\/p>","protected":false},"excerpt":{"rendered":"<p>Ponemos a su disposici\u00f3n la experiencia y conocimiento en tecnolog\u00edas existentes y sobre las normativas vigentes, para su aplicaci\u00f3n en diferentes \u00e1mbitos, siempre haciendo uso de los criterios de las \u201cmejores pr\u00e1cticas\u201d que rigen en nuestro sector. Metodolog\u00eda de trabajo Nuestra metodolog\u00eda de trabajo comprende las siguientes\u00a0fases: WORKSHOP Entendemos las necesidades de nuestros clientes realizando <a href=\"http:\/\/www.montsa.eu\/es\/metodologia-2\/\" rel=\"nofollow\"><span class=\"sr-only\">Leer m\u00e1sC\u00f3mo lo hacemos<\/span>[&#8230;]<\/a><\/p>\n","protected":false},"author":1,"featured_media":0,"parent":0,"menu_order":0,"comment_status":"closed","ping_status":"open","template":"template-fullwidth.php","meta":{"footnotes":""},"class_list":["post-44","page","type-page","status-publish","hentry"],"_links":{"self":[{"href":"http:\/\/www.montsa.eu\/es\/wp-json\/wp\/v2\/pages\/44","targetHints":{"allow":["GET"]}}],"collection":[{"href":"http:\/\/www.montsa.eu\/es\/wp-json\/wp\/v2\/pages"}],"about":[{"href":"http:\/\/www.montsa.eu\/es\/wp-json\/wp\/v2\/types\/page"}],"author":[{"embeddable":true,"href":"http:\/\/www.montsa.eu\/es\/wp-json\/wp\/v2\/users\/1"}],"replies":[{"embeddable":true,"href":"http:\/\/www.montsa.eu\/es\/wp-json\/wp\/v2\/comments?post=44"}],"version-history":[{"count":7,"href":"http:\/\/www.montsa.eu\/es\/wp-json\/wp\/v2\/pages\/44\/revisions"}],"predecessor-version":[{"id":159,"href":"http:\/\/www.montsa.eu\/es\/wp-json\/wp\/v2\/pages\/44\/revisions\/159"}],"wp:attachment":[{"href":"http:\/\/www.montsa.eu\/es\/wp-json\/wp\/v2\/media?parent=44"}],"curies":[{"name":"wp","href":"https:\/\/api.w.org\/{rel}","templated":true}]}}